{"id":4007,"date":"2025-07-17T12:14:34","date_gmt":"2025-07-17T10:14:34","guid":{"rendered":"https:\/\/www.interacta.space\/?page_id=4007"},"modified":"2026-03-23T12:23:44","modified_gmt":"2026-03-23T11:23:44","slug":"dichiarazione-di-accessibilita-web-app-interacta","status":"publish","type":"page","link":"https:\/\/www.interacta.space\/es-es\/dichiarazione-di-accessibilita-web-app-interacta\/","title":{"rendered":"Declaraci\u00f3n de Accesibilidad de la Aplicaci\u00f3n Web de Interacta"},"content":{"rendered":"<h2><b>Declaraci\u00f3n de Accesibilidad<\/b><b><br \/>\n<\/b><\/h2>\n<p class=\"translation-block\"><b>Dinova Srl<\/b> se compromete a que su aplicaci\u00f3n web sea accesible, de conformidad con la Ley n.\u00ba 4 del 9 de enero de 2004.<\/p>\n<p class=\"translation-block\">Esta declaraci\u00f3n de accesibilidad se aplica a: <b>Aplicaci\u00f3n web Interacta<\/b><\/p>\n<p><b>Estado de Cumplimiento<\/b><\/p>\n<p><span style=\"font-weight: 400;\">Esta aplicaci\u00f3n web cumple parcialmente con los requisitos del Anexo A de la norma UNI EN 301549, debido a los casos de incumplimiento o exenciones que se indican a continuaci\u00f3n.<\/span><\/p>\n<h3><b>Contenido Inaccesible<\/b><\/h3>\n<p class=\"translation-block\">El contenido que se indica a continuaci\u00f3n no es accesible debido al incumplimiento de la Ley n.\u00ba 4\/2004.\nPara crear esta declaraci\u00f3n de accesibilidad, hemos tenido en cuenta los est\u00e1ndares WCAG 2.1.<\/p>\n<p class=\"translation-block\">Los resultados de las pruebas muestran que algunos usuarios pueden tener dificultades para utilizar algunas p\u00e1ginas o funciones de esta aplicaci\u00f3n web, ya que solo son parcialmente accesibles. A continuaci\u00f3n, se detallan los incumplimientos y los criterios de \u00e9xito incumplidos:<\/p>\n<p class=\"translation-block\"><b>1.1.1 Contenido no textual<\/b><span style=\"font-weight: 400\">: algunas im\u00e1genes carecen de texto alternativo o este texto alternativo es incoherente con el mensaje que transmiten.<\/span><\/p>\n<p class=\"translation-block\"><b>1.3.1Informaci\u00f3n y correlaciones: <\/b><span style=\"font-weight: 400\">en algunos casos, la informaci\u00f3n, la estructura o las correlaciones transmitidas por la presentaci\u00f3n no se pueden determinar program\u00e1ticamente o no est\u00e1n disponibles a trav\u00e9s del texto.<\/span><\/p>\n<p class=\"translation-block\"><b>1.3.2 Secuencia significativa<\/b><span style=\"font-weight: 400\">: algunos elementos no se presentan a las tecnolog\u00edas de asistencia en el orden l\u00f3gico correcto.<\/span><\/p>\n<p class=\"translation-block\"><b>1.4.1 Uso del color:<\/b><span style=\"font-weight: 400\"> parte de la informaci\u00f3n, como la que se muestra al seleccionar un elemento, se transmite \u00fanicamente mediante el uso del color.<\/span><\/p>\n<p class=\"translation-block\"><b>1.4.3 Contraste (m\u00ednimo):<\/b><span style=\"font-weight: 400\"> El contraste m\u00ednimo entre el texto en primer plano y el fondo no siempre es suficiente, como en el caso del texto rosa sobre un fondo blanco.<\/span><\/p>\n<p class=\"translation-block\"><b>1.4.11 Contraste en contenido no textual:<\/b><span style=\"font-weight: 400\"> la representaci\u00f3n visual de la informaci\u00f3n necesaria para identificar los componentes de la interfaz interactiva, sus estados y los elementos gr\u00e1ficos no siempre tiene la relaci\u00f3n de contraste m\u00ednima requerida. 2.1.1 Teclado: Algunas funciones de contenido no se pueden utilizar al navegar con el teclado.<\/span><\/p>\n<p class=\"translation-block\"><b>2.1.1 Teclado <\/b><span style=\"font-weight: 400\"> algunas funciones de contenido no se pueden utilizar al navegar con el teclado.<\/span><\/p>\n<p class=\"translation-block\"><b>2.4.1 Salto de bloque:<\/b><span style=\"font-weight: 400\"> la aplicaci\u00f3n web incluye enlaces para saltar bloques, pero no siempre funcionan correctamente.<\/span><\/p>\n<p class=\"translation-block\"><b>2.4.6 Encabezados y etiquetas<\/b><span style=\"font-weight: 400\"> algunas etiquetas asociadas con elementos interactivos no se implementan de forma consistente o no est\u00e1n presentes.<\/span><\/p>\n<p class=\"translation-block\"><b>2.4.7 Enfoque visible<\/b><span style=\"font-weight: 400\">: el enfoque del teclado no siempre es claramente visible.<\/span><\/p>\n<p class=\"translation-block\"><b>3.3.2  Etiquetas o instrucciones<\/b><span style=\"font-weight: 400\">: algunos campos no proporcionan etiquetas ni instrucciones cuando el contenido requiere la intervenci\u00f3n del usuario.<\/span><\/p>\n<p class=\"translation-block\"><b>4.1.2 Nombre, rol, valor:<\/b><span style=\"font-weight: 400\"> el rol de algunos elementos no se ha implementado de forma consistente a nivel sem\u00e1ntico. Adem\u00e1s, las tecnolog\u00edas de asistencia no interpretan correctamente el estado de algunos elementos.<\/span><\/p>\n<p class=\"translation-block\"><b>4.1.3 Mensajes de estado:<\/b><span style=\"font-weight: 400\"> en algunos casos, los mensajes de estado no tienen un rol ni propietario, por lo que pueden presentarse a los usuarios que utilizan tecnolog\u00edas de asistencia sin recibir el enfoque. <\/span><\/p>\n<h3><b>Redacci\u00f3n de la declaraci\u00f3n de accesibilidad<\/b><\/h3>\n<p><span style=\"font-weight: 400;\">Esta declaraci\u00f3n se redact\u00f3 el <b>2 de julio de 2025.<\/b> <\/span><b>02.07.2025.<\/b><\/p>\n<p><span style=\"font-weight: 400;\">Se elabor\u00f3 mediante una evaluaci\u00f3n externa.<\/span><\/p>\n<h3><b>M\u00e9todos de denuncia y datos de contacto del proveedor<\/b><\/h3>\n<p class=\"translation-block\"><span style=\"font-weight: 400\">Los usuarios pueden informar sobre cualquier problema de accesibilidad en cualquier momento. Para ello, pueden escribir directamente a: <\/span><a href=\"mailto:accessibility@interacta.space\" target=\"_self\"><span style=\"font-weight: 400\">accessibility@interacta.space<\/span><\/a><span style=\"font-weight: 400\">\u00a0<\/span><\/p>\n<h3><b>Mecanismo de retroalimentaci\u00f3n<\/b><\/h3>\n<p><span style=\"font-weight: 400;\">Puede informar sobre cualquier dificultad para acceder al contenido de la aplicaci\u00f3n web.<\/span><\/p>\n<p class=\"translation-block\"><span style=\"font-weight: 400\">Los informes pueden enviarse por correo electr\u00f3nico a: <\/span><a href=\"mailto:accessibility@interacta.space\" target=\"_self\"><span style=\"font-weight: 400\">accessibility@interacta.space<\/span><\/a><span style=\"font-weight: 400\">\u00a0<\/span><\/p>\n<p><span style=\"font-weight: 400;\">El correo electr\u00f3nico debe incluir:<\/span><\/p>\n<ul>\n<li style=\"font-weight: 400;\" aria-level=\"1\"><span style=\"font-weight: 400;\">Nombre y apellidos;<\/span><\/li>\n<li style=\"font-weight: 400;\" aria-level=\"1\"><span style=\"font-weight: 400;\">Direcci\u00f3n de la p\u00e1gina web o secciones de la aplicaci\u00f3n web que se denuncian;<\/span><\/li>\n<li style=\"font-weight: 400;\" aria-level=\"1\"><span style=\"font-weight: 400;\">Descripci\u00f3n clara y concisa del problema detectado;<\/span><\/li>\n<li style=\"font-weight: 400;\" aria-level=\"1\"><span style=\"font-weight: 400;\">Herramientas utilizadas (sistema operativo, navegador, tecnolog\u00edas de asistencia).<\/span><\/li>\n<\/ul>\n<p><span style=\"font-weight: 400;\">Recomendamos describir el problema sin incluir informaci\u00f3n personal sobre su discapacidad.<\/span><\/p>\n<h3><b>C\u00f3mo enviar informes a la Agencia para la Italia Digital (AgID)<\/b><\/h3>\n<p class=\"translation-block\"><span style=\"font-weight: 400\">Si no recibe respuesta o no la recibe en un plazo de treinta d\u00edas tras la notificaci\u00f3n o solicitud, puede enviar un informe a trav\u00e9s del siguiente enlace: <\/span><a href=\"https:\/\/www.agid.gov.it\/\" target=\"_self\"><span style=\"font-weight: 400\">https:\/\/www.agid.gov.it\/<\/span><b><\/b><\/a><\/p>\n<h3><b>Informaci\u00f3n sobre la aplicaci\u00f3n web<\/b><\/h3>\n<p><span style=\"font-weight: 400;\">Data dell&#8217;ultimo rilascio di Interacta: 23 marzo 2026<\/span><span style=\"font-weight: 400;\"><br \/>\n<\/span><\/p>\n<p><span style=\"font-weight: 400;\">\u00bfSe realizaron pruebas de usabilidad? S\u00ed<\/span><\/p>\n<p><span style=\"font-weight: 400;\">Sistema de gesti\u00f3n de contenido (CMS) utilizado: Ninguno, desarrollo interno<\/span><\/p>\n<h3><b>Informaci\u00f3n sobre la estructura<\/b><\/h3>\n<p><span style=\"font-weight: 400;\">N\u00famero de empleados con discapacidad en la empresa: 12<\/span><\/p>\n<p><span style=\"font-weight: 400;\">N\u00famero de puestos de trabajo para empleados con discapacidad: ninguno<\/span><\/p>","protected":false},"excerpt":{"rendered":"<p>Dichiarazione di accessibilit\u00e0 Dinova Srl si impegna a rendere la propria web app accessibile, conformemente alla legge 9 gennaio 2004, n. 4. La presente dichiarazione di accessibilit\u00e0 si applica a: web app Interacta Stato di conformit\u00e0 Questa web app \u00e8 parzialmente conforme ai requisiti previsti dall\u2019allegato A della norma UNI EN 301549 in ragione dei [&hellip;]<\/p>","protected":false},"author":2,"featured_media":0,"parent":0,"menu_order":0,"comment_status":"closed","ping_status":"closed","template":"","meta":{"_acf_changed":false,"footnotes":""},"class_list":["post-4007","page","type-page","status-publish","hentry"],"acf":[],"yoast_head":"<!-- This site is optimized with the Yoast SEO plugin v24.7 - https:\/\/yoast.com\/wordpress\/plugins\/seo\/ -->\n<title>Dichiarazione di accessibilit\u00e0 Web App Interacta - Interacta<\/title>\n<meta name=\"robots\" content=\"index, follow, max-snippet:-1, max-image-preview:large, max-video-preview:-1\" \/>\n<link rel=\"canonical\" href=\"https:\/\/www.interacta.space\/es-es\/dichiarazione-di-accessibilita-web-app-interacta\/\" \/>\n<meta property=\"og:locale\" content=\"es_ES\" \/>\n<meta property=\"og:type\" content=\"article\" \/>\n<meta property=\"og:title\" content=\"Dichiarazione di accessibilit\u00e0 Web App Interacta - Interacta\" \/>\n<meta property=\"og:description\" content=\"Dichiarazione di accessibilit\u00e0 Dinova Srl si impegna a rendere la propria web app accessibile, conformemente alla legge 9 gennaio 2004, n. 4. La presente dichiarazione di accessibilit\u00e0 si applica a: web app Interacta Stato di conformit\u00e0 Questa web app \u00e8 parzialmente conforme ai requisiti previsti dall\u2019allegato A della norma UNI EN 301549 in ragione dei [&hellip;]\" \/>\n<meta property=\"og:url\" content=\"https:\/\/www.interacta.space\/es-es\/dichiarazione-di-accessibilita-web-app-interacta\/\" \/>\n<meta property=\"og:site_name\" content=\"Interacta\" \/>\n<meta property=\"article:modified_time\" content=\"2026-03-23T11:23:44+00:00\" \/>\n<meta name=\"twitter:card\" content=\"summary_large_image\" \/>\n<meta name=\"twitter:label1\" content=\"Tiempo de lectura\" \/>\n\t<meta name=\"twitter:data1\" content=\"4 minutos\" \/>\n<script type=\"application\/ld+json\" class=\"yoast-schema-graph\">{\"@context\":\"https:\/\/schema.org\",\"@graph\":[{\"@type\":\"WebPage\",\"@id\":\"https:\/\/www.interacta.space\/dichiarazione-di-accessibilita-web-app-interacta\/\",\"url\":\"https:\/\/www.interacta.space\/dichiarazione-di-accessibilita-web-app-interacta\/\",\"name\":\"Dichiarazione di accessibilit\u00e0 Web App Interacta - Interacta\",\"isPartOf\":{\"@id\":\"https:\/\/www.interacta.space\/#website\"},\"datePublished\":\"2025-07-17T10:14:34+00:00\",\"dateModified\":\"2026-03-23T11:23:44+00:00\",\"breadcrumb\":{\"@id\":\"https:\/\/www.interacta.space\/dichiarazione-di-accessibilita-web-app-interacta\/#breadcrumb\"},\"inLanguage\":\"es\",\"potentialAction\":[{\"@type\":\"ReadAction\",\"target\":[\"https:\/\/www.interacta.space\/dichiarazione-di-accessibilita-web-app-interacta\/\"]}]},{\"@type\":\"BreadcrumbList\",\"@id\":\"https:\/\/www.interacta.space\/dichiarazione-di-accessibilita-web-app-interacta\/#breadcrumb\",\"itemListElement\":[{\"@type\":\"ListItem\",\"position\":1,\"name\":\"Home\",\"item\":\"https:\/\/www.interacta.space\/\"},{\"@type\":\"ListItem\",\"position\":2,\"name\":\"Dichiarazione di accessibilit\u00e0 Web App Interacta\"}]},{\"@type\":\"WebSite\",\"@id\":\"https:\/\/www.interacta.space\/#website\",\"url\":\"https:\/\/www.interacta.space\/\",\"name\":\"Interacta\",\"description\":\"\",\"publisher\":{\"@id\":\"https:\/\/www.interacta.space\/#organization\"},\"potentialAction\":[{\"@type\":\"SearchAction\",\"target\":{\"@type\":\"EntryPoint\",\"urlTemplate\":\"https:\/\/www.interacta.space\/?s={search_term_string}\"},\"query-input\":{\"@type\":\"PropertyValueSpecification\",\"valueRequired\":true,\"valueName\":\"search_term_string\"}}],\"inLanguage\":\"es\"},{\"@type\":\"Organization\",\"@id\":\"https:\/\/www.interacta.space\/#organization\",\"name\":\"Interacta\",\"url\":\"https:\/\/www.interacta.space\/\",\"logo\":{\"@type\":\"ImageObject\",\"inLanguage\":\"es\",\"@id\":\"https:\/\/www.interacta.space\/#\/schema\/logo\/image\/\",\"url\":\"https:\/\/www.interacta.space\/wp-content\/uploads\/2025\/02\/Logo-interacta-2022-1.png\",\"contentUrl\":\"https:\/\/www.interacta.space\/wp-content\/uploads\/2025\/02\/Logo-interacta-2022-1.png\",\"width\":256,\"height\":82,\"caption\":\"Interacta\"},\"image\":{\"@id\":\"https:\/\/www.interacta.space\/#\/schema\/logo\/image\/\"},\"sameAs\":[\"https:\/\/www.linkedin.com\/company\/interacta-space\/\",\"https:\/\/www.instagram.com\/interacta__\/\",\"https:\/\/www.youtube.com\/@interacta9090\"]}]}<\/script>\n<!-- \/ Yoast SEO plugin. -->","yoast_head_json":{"title":"Dichiarazione di accessibilit\u00e0 Web App Interacta - Interacta","robots":{"index":"index","follow":"follow","max-snippet":"max-snippet:-1","max-image-preview":"max-image-preview:large","max-video-preview":"max-video-preview:-1"},"canonical":"https:\/\/www.interacta.space\/es-es\/dichiarazione-di-accessibilita-web-app-interacta\/","og_locale":"es_ES","og_type":"article","og_title":"Dichiarazione di accessibilit\u00e0 Web App Interacta - Interacta","og_description":"Dichiarazione di accessibilit\u00e0 Dinova Srl si impegna a rendere la propria web app accessibile, conformemente alla legge 9 gennaio 2004, n. 4. La presente dichiarazione di accessibilit\u00e0 si applica a: web app Interacta Stato di conformit\u00e0 Questa web app \u00e8 parzialmente conforme ai requisiti previsti dall\u2019allegato A della norma UNI EN 301549 in ragione dei [&hellip;]","og_url":"https:\/\/www.interacta.space\/es-es\/dichiarazione-di-accessibilita-web-app-interacta\/","og_site_name":"Interacta","article_modified_time":"2026-03-23T11:23:44+00:00","twitter_card":"summary_large_image","twitter_misc":{"Tiempo de lectura":"4 minutos"},"schema":{"@context":"https:\/\/schema.org","@graph":[{"@type":"WebPage","@id":"https:\/\/www.interacta.space\/dichiarazione-di-accessibilita-web-app-interacta\/","url":"https:\/\/www.interacta.space\/dichiarazione-di-accessibilita-web-app-interacta\/","name":"Dichiarazione di accessibilit\u00e0 Web App Interacta - Interacta","isPartOf":{"@id":"https:\/\/www.interacta.space\/#website"},"datePublished":"2025-07-17T10:14:34+00:00","dateModified":"2026-03-23T11:23:44+00:00","breadcrumb":{"@id":"https:\/\/www.interacta.space\/dichiarazione-di-accessibilita-web-app-interacta\/#breadcrumb"},"inLanguage":"es","potentialAction":[{"@type":"ReadAction","target":["https:\/\/www.interacta.space\/dichiarazione-di-accessibilita-web-app-interacta\/"]}]},{"@type":"BreadcrumbList","@id":"https:\/\/www.interacta.space\/dichiarazione-di-accessibilita-web-app-interacta\/#breadcrumb","itemListElement":[{"@type":"ListItem","position":1,"name":"Home","item":"https:\/\/www.interacta.space\/"},{"@type":"ListItem","position":2,"name":"Dichiarazione di accessibilit\u00e0 Web App Interacta"}]},{"@type":"WebSite","@id":"https:\/\/www.interacta.space\/#website","url":"https:\/\/www.interacta.space\/","name":"Interacta","description":"","publisher":{"@id":"https:\/\/www.interacta.space\/#organization"},"potentialAction":[{"@type":"SearchAction","target":{"@type":"EntryPoint","urlTemplate":"https:\/\/www.interacta.space\/?s={search_term_string}"},"query-input":{"@type":"PropertyValueSpecification","valueRequired":true,"valueName":"search_term_string"}}],"inLanguage":"es"},{"@type":"Organization","@id":"https:\/\/www.interacta.space\/#organization","name":"Interacta","url":"https:\/\/www.interacta.space\/","logo":{"@type":"ImageObject","inLanguage":"es","@id":"https:\/\/www.interacta.space\/#\/schema\/logo\/image\/","url":"https:\/\/www.interacta.space\/wp-content\/uploads\/2025\/02\/Logo-interacta-2022-1.png","contentUrl":"https:\/\/www.interacta.space\/wp-content\/uploads\/2025\/02\/Logo-interacta-2022-1.png","width":256,"height":82,"caption":"Interacta"},"image":{"@id":"https:\/\/www.interacta.space\/#\/schema\/logo\/image\/"},"sameAs":["https:\/\/www.linkedin.com\/company\/interacta-space\/","https:\/\/www.instagram.com\/interacta__\/","https:\/\/www.youtube.com\/@interacta9090"]}]}},"_links":{"self":[{"href":"https:\/\/www.interacta.space\/es-es\/wp-json\/wp\/v2\/pages\/4007","targetHints":{"allow":["GET"]}}],"collection":[{"href":"https:\/\/www.interacta.space\/es-es\/wp-json\/wp\/v2\/pages"}],"about":[{"href":"https:\/\/www.interacta.space\/es-es\/wp-json\/wp\/v2\/types\/page"}],"author":[{"embeddable":true,"href":"https:\/\/www.interacta.space\/es-es\/wp-json\/wp\/v2\/users\/2"}],"replies":[{"embeddable":true,"href":"https:\/\/www.interacta.space\/es-es\/wp-json\/wp\/v2\/comments?post=4007"}],"version-history":[{"count":5,"href":"https:\/\/www.interacta.space\/es-es\/wp-json\/wp\/v2\/pages\/4007\/revisions"}],"predecessor-version":[{"id":4387,"href":"https:\/\/www.interacta.space\/es-es\/wp-json\/wp\/v2\/pages\/4007\/revisions\/4387"}],"wp:attachment":[{"href":"https:\/\/www.interacta.space\/es-es\/wp-json\/wp\/v2\/media?parent=4007"}],"curies":[{"name":"wp","href":"https:\/\/api.w.org\/{rel}","templated":true}]}}