{"id":4005,"date":"2025-07-17T12:15:13","date_gmt":"2025-07-17T10:15:13","guid":{"rendered":"https:\/\/www.interacta.space\/?page_id=4005"},"modified":"2025-07-17T12:31:15","modified_gmt":"2025-07-17T10:31:15","slug":"accessibilita","status":"publish","type":"page","link":"https:\/\/www.interacta.space\/es-es\/accessibilita\/","title":{"rendered":"El espacio de trabajo humano-IA dise\u00f1ado para ser accesible para todos"},"content":{"rendered":"<p class=\"translation-block\">En Interacta, creemos que la <b>tecnolog\u00eda debe potenciar las capacidades de las personas<\/b>, no excluirlas. Por eso, trabajamos a diario para que nuestra plataforma sea un espacio de trabajo digital verdaderamente accesible, capaz de potenciar la autonom\u00eda, la participaci\u00f3n y la colaboraci\u00f3n, incluso para personas con discapacidad.<\/p>\n<p class=\"translation-block\">Trabajar, comunicarse, aprender, acceder al conocimiento y a los procesos: todo esto debe ser posible para todos, dondequiera que est\u00e9n. La accesibilidad no es un complemento, sino un principio rector en el dise\u00f1o de nuestra experiencia de usuario y forma parte integral de nuestro enfoque centrado en la IA y en el ser humano.<\/p>\n<p><span style=\"font-weight: 400;\">Hemos puesto en marcha un proceso multinivel:<\/span><\/p>\n<ul>\n<li style=\"font-weight: 400;\" aria-level=\"1\" class=\"translation-block\"><b>Un Plan de Accesibilidad<\/b><span style=\"font-weight: 400\">:para identificar \u00e1reas cr\u00edticas y establecer prioridades, con miras a la mejora continua.<\/span><\/li>\n<li style=\"font-weight: 400;\" aria-level=\"1\"><b>Optimizaci\u00f3n de las herramientas digitales<\/b><span style=\"font-weight: 400;\">: trabajamos para que todas las interfaces, tanto en ordenadores como en dispositivos m\u00f3viles, sean totalmente accesibles seg\u00fan las directrices WCAG.<\/span><\/li>\n<li style=\"font-weight: 400;\" aria-level=\"1\" class=\"translation-block\"><b>Accesibilidad desde el dise\u00f1o<\/b><span style=\"font-weight: 400\">: Cada nueva funcionalidad se dise\u00f1a y desarrolla con criterios de accesibilidad nativos, lo que garantiza un uso fluido e inclusivo desde el principio.<\/span><\/li>\n<li style=\"font-weight: 400;\" aria-level=\"1\"><b>Inclusi\u00f3n interna<\/b><span style=\"font-weight: 400;\">: promovemos iniciativas dirigidas a empleados y colaboradores para que sus herramientas de trabajo sean accesibles, con miras al bienestar general.<\/span><\/li>\n<\/ul>\n<p>&nbsp;<\/p>\n<p class=\"translation-block\">Sabemos que la accesibilidad es un camino, no un destino.\nPero como un lugar de trabajo con inteligencia artificial y personas, queremos ser parte del cambio, construyendo un entorno laboral que realmente brinde a todos la oportunidad de participar, contribuir y sentirse parte de algo m\u00e1s grande.<\/p>\n<p><a href=\"https:\/\/www.interacta.space\/es-es\/dichiarazione-di-accessibilita-web-app-interacta\/\" target=\"_blank\" rel=\"noopener\"><b>Declaraci\u00f3n de Accesibilidad de la Aplicaci\u00f3n Web de Interacta<\/b><\/a><\/p>\n<p><a href=\"https:\/\/www.interacta.space\/es-es\/dichiarazione-di-accessibilita-interacta-app-per-ios\/\" target=\"_blank\" rel=\"noopener\"><b>Declaraci\u00f3n de Accesibilidad de la Aplicaci\u00f3n de Interacta para iOS<\/b><\/a><\/p>\n<p><a href=\"https:\/\/www.interacta.space\/es-es\/dichiarazione-accessibilita-interacta-app-per-android\/\" target=\"_blank\" rel=\"noopener\"><b>Declaraci\u00f3n de Accesibilidad de la Aplicaci\u00f3n de Interacta para Android<\/b><\/a><\/p>","protected":false},"excerpt":{"rendered":"<p>In Interacta crediamo che la tecnologia debba amplificare le capacit\u00e0 delle persone, non escluderle. Per questo ci impegniamo ogni giorno a rendere la nostra piattaforma un luogo di lavoro digitale davvero accessibile, capace di valorizzare l\u2019autonomia, la partecipazione e la collaborazione anche per chi vive una disabilit\u00e0. Lavorare, comunicare, apprendere, accedere alla conoscenza e ai [&hellip;]<\/p>","protected":false},"author":2,"featured_media":0,"parent":0,"menu_order":0,"comment_status":"closed","ping_status":"closed","template":"","meta":{"_acf_changed":false,"footnotes":""},"class_list":["post-4005","page","type-page","status-publish","hentry"],"acf":[],"yoast_head":"<!-- This site is optimized with the Yoast SEO plugin v24.7 - https:\/\/yoast.com\/wordpress\/plugins\/seo\/ -->\n<title>Lo Human-AI Workplace progettato per essere accessibile a tutte le persone - Interacta<\/title>\n<meta name=\"robots\" content=\"index, follow, max-snippet:-1, max-image-preview:large, max-video-preview:-1\" \/>\n<link rel=\"canonical\" href=\"https:\/\/www.interacta.space\/es-es\/accessibilita\/\" \/>\n<meta property=\"og:locale\" content=\"es_ES\" \/>\n<meta property=\"og:type\" content=\"article\" \/>\n<meta property=\"og:title\" content=\"Lo Human-AI Workplace progettato per essere accessibile a tutte le persone - Interacta\" \/>\n<meta property=\"og:description\" content=\"In Interacta crediamo che la tecnologia debba amplificare le capacit\u00e0 delle persone, non escluderle. Per questo ci impegniamo ogni giorno a rendere la nostra piattaforma un luogo di lavoro digitale davvero accessibile, capace di valorizzare l\u2019autonomia, la partecipazione e la collaborazione anche per chi vive una disabilit\u00e0. Lavorare, comunicare, apprendere, accedere alla conoscenza e ai [&hellip;]\" \/>\n<meta property=\"og:url\" content=\"https:\/\/www.interacta.space\/es-es\/accessibilita\/\" \/>\n<meta property=\"og:site_name\" content=\"Interacta\" \/>\n<meta property=\"article:modified_time\" content=\"2025-07-17T10:31:15+00:00\" \/>\n<meta name=\"twitter:card\" content=\"summary_large_image\" \/>\n<meta name=\"twitter:label1\" content=\"Tiempo de lectura\" \/>\n\t<meta name=\"twitter:data1\" content=\"2 minutos\" \/>\n<script type=\"application\/ld+json\" class=\"yoast-schema-graph\">{\"@context\":\"https:\/\/schema.org\",\"@graph\":[{\"@type\":\"WebPage\",\"@id\":\"https:\/\/www.interacta.space\/accessibilita\/\",\"url\":\"https:\/\/www.interacta.space\/accessibilita\/\",\"name\":\"Lo Human-AI Workplace progettato per essere accessibile a tutte le persone - Interacta\",\"isPartOf\":{\"@id\":\"https:\/\/www.interacta.space\/#website\"},\"datePublished\":\"2025-07-17T10:15:13+00:00\",\"dateModified\":\"2025-07-17T10:31:15+00:00\",\"breadcrumb\":{\"@id\":\"https:\/\/www.interacta.space\/accessibilita\/#breadcrumb\"},\"inLanguage\":\"es\",\"potentialAction\":[{\"@type\":\"ReadAction\",\"target\":[\"https:\/\/www.interacta.space\/accessibilita\/\"]}]},{\"@type\":\"BreadcrumbList\",\"@id\":\"https:\/\/www.interacta.space\/accessibilita\/#breadcrumb\",\"itemListElement\":[{\"@type\":\"ListItem\",\"position\":1,\"name\":\"Home\",\"item\":\"https:\/\/www.interacta.space\/\"},{\"@type\":\"ListItem\",\"position\":2,\"name\":\"Lo Human-AI Workplace progettato per essere accessibile a tutte le persone\"}]},{\"@type\":\"WebSite\",\"@id\":\"https:\/\/www.interacta.space\/#website\",\"url\":\"https:\/\/www.interacta.space\/\",\"name\":\"Interacta\",\"description\":\"\",\"publisher\":{\"@id\":\"https:\/\/www.interacta.space\/#organization\"},\"potentialAction\":[{\"@type\":\"SearchAction\",\"target\":{\"@type\":\"EntryPoint\",\"urlTemplate\":\"https:\/\/www.interacta.space\/?s={search_term_string}\"},\"query-input\":{\"@type\":\"PropertyValueSpecification\",\"valueRequired\":true,\"valueName\":\"search_term_string\"}}],\"inLanguage\":\"es\"},{\"@type\":\"Organization\",\"@id\":\"https:\/\/www.interacta.space\/#organization\",\"name\":\"Interacta\",\"url\":\"https:\/\/www.interacta.space\/\",\"logo\":{\"@type\":\"ImageObject\",\"inLanguage\":\"es\",\"@id\":\"https:\/\/www.interacta.space\/#\/schema\/logo\/image\/\",\"url\":\"https:\/\/www.interacta.space\/wp-content\/uploads\/2025\/02\/Logo-interacta-2022-1.png\",\"contentUrl\":\"https:\/\/www.interacta.space\/wp-content\/uploads\/2025\/02\/Logo-interacta-2022-1.png\",\"width\":256,\"height\":82,\"caption\":\"Interacta\"},\"image\":{\"@id\":\"https:\/\/www.interacta.space\/#\/schema\/logo\/image\/\"},\"sameAs\":[\"https:\/\/www.linkedin.com\/company\/interacta-space\/\",\"https:\/\/www.instagram.com\/interacta__\/\",\"https:\/\/www.youtube.com\/@interacta9090\"]}]}<\/script>\n<!-- \/ Yoast SEO plugin. -->","yoast_head_json":{"title":"Lo Human-AI Workplace progettato per essere accessibile a tutte le persone - Interacta","robots":{"index":"index","follow":"follow","max-snippet":"max-snippet:-1","max-image-preview":"max-image-preview:large","max-video-preview":"max-video-preview:-1"},"canonical":"https:\/\/www.interacta.space\/es-es\/accessibilita\/","og_locale":"es_ES","og_type":"article","og_title":"Lo Human-AI Workplace progettato per essere accessibile a tutte le persone - Interacta","og_description":"In Interacta crediamo che la tecnologia debba amplificare le capacit\u00e0 delle persone, non escluderle. Per questo ci impegniamo ogni giorno a rendere la nostra piattaforma un luogo di lavoro digitale davvero accessibile, capace di valorizzare l\u2019autonomia, la partecipazione e la collaborazione anche per chi vive una disabilit\u00e0. Lavorare, comunicare, apprendere, accedere alla conoscenza e ai [&hellip;]","og_url":"https:\/\/www.interacta.space\/es-es\/accessibilita\/","og_site_name":"Interacta","article_modified_time":"2025-07-17T10:31:15+00:00","twitter_card":"summary_large_image","twitter_misc":{"Tiempo de lectura":"2 minutos"},"schema":{"@context":"https:\/\/schema.org","@graph":[{"@type":"WebPage","@id":"https:\/\/www.interacta.space\/accessibilita\/","url":"https:\/\/www.interacta.space\/accessibilita\/","name":"Lo Human-AI Workplace progettato per essere accessibile a tutte le persone - Interacta","isPartOf":{"@id":"https:\/\/www.interacta.space\/#website"},"datePublished":"2025-07-17T10:15:13+00:00","dateModified":"2025-07-17T10:31:15+00:00","breadcrumb":{"@id":"https:\/\/www.interacta.space\/accessibilita\/#breadcrumb"},"inLanguage":"es","potentialAction":[{"@type":"ReadAction","target":["https:\/\/www.interacta.space\/accessibilita\/"]}]},{"@type":"BreadcrumbList","@id":"https:\/\/www.interacta.space\/accessibilita\/#breadcrumb","itemListElement":[{"@type":"ListItem","position":1,"name":"Home","item":"https:\/\/www.interacta.space\/"},{"@type":"ListItem","position":2,"name":"Lo Human-AI Workplace progettato per essere accessibile a tutte le persone"}]},{"@type":"WebSite","@id":"https:\/\/www.interacta.space\/#website","url":"https:\/\/www.interacta.space\/","name":"Interacta","description":"","publisher":{"@id":"https:\/\/www.interacta.space\/#organization"},"potentialAction":[{"@type":"SearchAction","target":{"@type":"EntryPoint","urlTemplate":"https:\/\/www.interacta.space\/?s={search_term_string}"},"query-input":{"@type":"PropertyValueSpecification","valueRequired":true,"valueName":"search_term_string"}}],"inLanguage":"es"},{"@type":"Organization","@id":"https:\/\/www.interacta.space\/#organization","name":"Interacta","url":"https:\/\/www.interacta.space\/","logo":{"@type":"ImageObject","inLanguage":"es","@id":"https:\/\/www.interacta.space\/#\/schema\/logo\/image\/","url":"https:\/\/www.interacta.space\/wp-content\/uploads\/2025\/02\/Logo-interacta-2022-1.png","contentUrl":"https:\/\/www.interacta.space\/wp-content\/uploads\/2025\/02\/Logo-interacta-2022-1.png","width":256,"height":82,"caption":"Interacta"},"image":{"@id":"https:\/\/www.interacta.space\/#\/schema\/logo\/image\/"},"sameAs":["https:\/\/www.linkedin.com\/company\/interacta-space\/","https:\/\/www.instagram.com\/interacta__\/","https:\/\/www.youtube.com\/@interacta9090"]}]}},"_links":{"self":[{"href":"https:\/\/www.interacta.space\/es-es\/wp-json\/wp\/v2\/pages\/4005","targetHints":{"allow":["GET"]}}],"collection":[{"href":"https:\/\/www.interacta.space\/es-es\/wp-json\/wp\/v2\/pages"}],"about":[{"href":"https:\/\/www.interacta.space\/es-es\/wp-json\/wp\/v2\/types\/page"}],"author":[{"embeddable":true,"href":"https:\/\/www.interacta.space\/es-es\/wp-json\/wp\/v2\/users\/2"}],"replies":[{"embeddable":true,"href":"https:\/\/www.interacta.space\/es-es\/wp-json\/wp\/v2\/comments?post=4005"}],"version-history":[{"count":5,"href":"https:\/\/www.interacta.space\/es-es\/wp-json\/wp\/v2\/pages\/4005\/revisions"}],"predecessor-version":[{"id":4017,"href":"https:\/\/www.interacta.space\/es-es\/wp-json\/wp\/v2\/pages\/4005\/revisions\/4017"}],"wp:attachment":[{"href":"https:\/\/www.interacta.space\/es-es\/wp-json\/wp\/v2\/media?parent=4005"}],"curies":[{"name":"wp","href":"https:\/\/api.w.org\/{rel}","templated":true}]}}